{"id":2,"date":"2014-07-18T08:07:52","date_gmt":"2014-07-18T08:07:52","guid":{"rendered":"http:\/\/sirk.de\/wordpress\/?page_id=2"},"modified":"2025-09-17T09:48:07","modified_gmt":"2025-09-17T07:48:07","slug":"beispiel-seite","status":"publish","type":"page","link":"https:\/\/sirk.de\/?page_id=2","title":{"rendered":"Sense. Sirk.de"},"content":{"rendered":"<p><img loading=\"lazy\" decoding=\"async\" class=\"aligncenter wp-image-2146 size-full\" src=\"https:\/\/sirk.de\/wp-content\/uploads\/2025\/09\/Sirk-World-Map-2025-Blog.jpg\" alt=\"\" width=\"671\" height=\"324\" srcset=\"https:\/\/sirk.de\/wp-content\/uploads\/2025\/09\/Sirk-World-Map-2025-Blog.jpg 671w, https:\/\/sirk.de\/wp-content\/uploads\/2025\/09\/Sirk-World-Map-2025-Blog-300x145.jpg 300w, https:\/\/sirk.de\/wp-content\/uploads\/2025\/09\/Sirk-World-Map-2025-Blog-150x72.jpg 150w\" sizes=\"auto, (max-width: 671px) 100vw, 671px\" \/>Welcome to <strong>Sirk.de<\/strong>.<\/p>\n<p>A global blog and look-up for thoughts around an international mind-set. Right to the mind. Entertaining. Sourceful. Loving life and people.<\/p>\n<blockquote><p>Welcome. To. <strong>Global Lifestyle. Global Thinking.<\/strong> Your resource: <strong>Sirk.de<\/strong>.<br \/>\nMy name is my URL, my belief is one global world, one global playground, one global economy.<\/p><\/blockquote>\n<p>Thank you for your interest. Your feedback. Your story. Feel free to leave a comment. And Enjoy!<br \/>\nAll pictures in my Blog are taken by me &#8211; mostly using my phone (<em>HTC or <\/em><em>Motorola 5G Plus<\/em>).<\/p>\n<p>My favorite statement regarding my personality: &#8220;<strong><em>You&#8217;re a fake German<\/em><\/strong>&#8221; &#8211; heard by an Australian, a Cambodian, a Hongkongnese, a Malaysian, and a Venezuelan. I would be too outgoing, entertaining, and non-stereotype \ud83d\ude09 <strong>Thanks, guys..!<\/strong><\/p>\n<p><strong>\u2207\u00a0The pushpins: <span style=\"color: #99cc00;\">green<\/span> <\/strong>means I lived there, worked or studied, had a special trip, while <span style=\"color: #ff0000;\"><strong>red<\/strong> <\/span>stands for non-holiday trips or journeys. I do note award a red pushpin for every journey or trip, though.<\/p>\n<p style=\"text-align: right;\"><strong>Remember RAY COKES, ex MTV Europe legend?<\/strong> He is now hosting an Internet Late Night Talk<br \/>\nnow that featured me in his show in March 2022.<br \/>\n<a href=\"https:\/\/www.youtube.com\/watch?v=GNg2ZhrvbD8&amp;lc=z22agb1i1ufdhdvah04t1aokghfjkdtvsqlyfpb14rndrk0h00410\" target=\"_blank\" rel=\"noopener\">Have a look here<\/a> from Minute 43 (currently privately archived by Ray).<\/p>\n<p><img loading=\"lazy\" decoding=\"async\" class=\"aligncenter size-large wp-image-1058\" src=\"https:\/\/sirk.de\/wp-content\/uploads\/2022\/05\/WeLoveSirk_RayCokes-1024x564.png\" alt=\"\" width=\"789\" height=\"435\" srcset=\"https:\/\/sirk.de\/wp-content\/uploads\/2022\/05\/WeLoveSirk_RayCokes-1024x564.png 1024w, https:\/\/sirk.de\/wp-content\/uploads\/2022\/05\/WeLoveSirk_RayCokes-300x165.png 300w, https:\/\/sirk.de\/wp-content\/uploads\/2022\/05\/WeLoveSirk_RayCokes-150x83.png 150w, https:\/\/sirk.de\/wp-content\/uploads\/2022\/05\/WeLoveSirk_RayCokes-768x423.png 768w, https:\/\/sirk.de\/wp-content\/uploads\/2022\/05\/WeLoveSirk_RayCokes.png 1106w\" sizes=\"auto, (max-width: 789px) 100vw, 789px\" \/><\/p>\n<p>I hope that people (that means you, me, all the others) understand we share one globe. Someone is always awake, someone sleeps, one is on time, one is late, one has darkness, but there is always not only one who enjoys the sunlight. Sunlight is there; also in the heart of people. Share openness. Be some respected contact or friend.<\/p>\n<p><strong>Info &amp; Contact:<\/strong><em> Sirk is a global MBA from Germany and a unique entertaining communication guy. <\/em><em>He is living an international lifestyle of prospering with true global thinking and networking. He is an expert not only in Thinking Global, but also in <strong>CRM, Proposal &amp; Project Management, Presenting,<\/strong> and <strong>Entertaining Sales<\/strong>. If you want to contact him, please use:<br \/>\n<\/em><\/p>\n<p><em><strong>LinkedIn<\/strong>: <a href=\"https:\/\/www.linkedin.com\/in\/sirk-kuehn\/\" target=\"_blank\" rel=\"noopener\">https:\/\/www.linkedin.com\/in\/sirk-kuehn\/<\/a><\/em><\/p>\n<p>or: \u00a0 sirk.kuehn\u00a0 (aahhhdd)\u00a0 gmail.com<\/p>\n<p><a href=\"https:\/\/www.youtube.com\/watch?v=WsvcuUc7Isk\" target=\"_blank\" rel=\"noopener\">Intro-Vid on YouTube<\/a><\/p>\n<p>Great article: &#8220;<em>Three Reasons Traveling Abroad Can Help Your Career<\/em>&#8221;\u00a0 &#8211;\u00a0 <a title=\"here\" href=\"http:\/\/time.com\/3827151\/traveling-abroad-can-help-career\/\" target=\"_blank\" rel=\"noopener noreferrer\">The Times<\/a><\/p>\n<p><strong><br \/>\n*Data Privacy Statement*<\/strong><br \/>\nWell, this is my private blog page. <em><strong>I have no idea if you like cookies or not<\/strong><\/em> and I guess that you are smart enough to understand that if commenting on one of my blog posts your name and e-mail address will be collected\/saved for the sake of your comment. In case you do not wish that, please do not comment \ud83d\ude09\u00a0 Of course, I will not use your data in any form for anything else nor do I really wish to save any of your data. I am about sharing my experiences, welcoming yours as well.<\/p>\n<p><strong>*Further Legal Statement* \/ Impressum<br \/>\n<\/strong>I do have links to 3rd party pages on this private blog page. I am <em><strong>NOT responsible<\/strong><\/em> for the content over there and my initial intent was positive the time I created the very blog entry. I do not take any responsibility for third-party content or any of their potential shitty content.<br \/>\n<strong><em>German: Impressum<\/em><\/strong><br \/>\nDies ist eine private nicht-kommerzielle Seite von Sirk K\u00fchn. Eine Emailadresse ist etwas oberhalb vermerkt &#8211; Sie m\u00fcssen nur das \u00fcbliche at Zeichen einbauen, was Bots nicht k\u00f6nnen; Danke.<\/p>\n<p><img loading=\"lazy\" decoding=\"async\" class=\"aligncenter size-large wp-image-1016\" src=\"https:\/\/sirk.de\/wp-content\/uploads\/2022\/04\/IMG_20220414_134216471_HDR-1024x768.jpg\" alt=\"\" width=\"789\" height=\"592\" srcset=\"https:\/\/sirk.de\/wp-content\/uploads\/2022\/04\/IMG_20220414_134216471_HDR-1024x768.jpg 1024w, https:\/\/sirk.de\/wp-content\/uploads\/2022\/04\/IMG_20220414_134216471_HDR-300x225.jpg 300w, https:\/\/sirk.de\/wp-content\/uploads\/2022\/04\/IMG_20220414_134216471_HDR-150x113.jpg 150w, https:\/\/sirk.de\/wp-content\/uploads\/2022\/04\/IMG_20220414_134216471_HDR-768x576.jpg 768w, https:\/\/sirk.de\/wp-content\/uploads\/2022\/04\/IMG_20220414_134216471_HDR-1536x1152.jpg 1536w, https:\/\/sirk.de\/wp-content\/uploads\/2022\/04\/IMG_20220414_134216471_HDR-2048x1536.jpg 2048w\" sizes=\"auto, (max-width: 789px) 100vw, 789px\" \/><\/p>\n","protected":false},"excerpt":{"rendered":"<p>Welcome to Sirk.de. A global blog and look-up for thoughts around an international mind-set. Right to the mind. Entertaining. Sourceful. Loving life and people. Welcome. To. Global Lifestyle. Global Thinking. Your resource: Sirk.de. My name is my URL, my belief is one global world, one global playground, one global economy. Thank you for your interest. [&hellip;]<\/p>\n","protected":false},"author":1,"featured_media":444,"parent":0,"menu_order":0,"comment_status":"open","ping_status":"open","template":"","meta":{"footnotes":""},"class_list":["post-2","page","type-page","status-publish","has-post-thumbnail","hentry"],"_links":{"self":[{"href":"https:\/\/sirk.de\/index.php?rest_route=\/wp\/v2\/pages\/2","targetHints":{"allow":["GET"]}}],"collection":[{"href":"https:\/\/sirk.de\/index.php?rest_route=\/wp\/v2\/pages"}],"about":[{"href":"https:\/\/sirk.de\/index.php?rest_route=\/wp\/v2\/types\/page"}],"author":[{"embeddable":true,"href":"https:\/\/sirk.de\/index.php?rest_route=\/wp\/v2\/users\/1"}],"replies":[{"embeddable":true,"href":"https:\/\/sirk.de\/index.php?rest_route=%2Fwp%2Fv2%2Fcomments&post=2"}],"version-history":[{"count":50,"href":"https:\/\/sirk.de\/index.php?rest_route=\/wp\/v2\/pages\/2\/revisions"}],"predecessor-version":[{"id":2147,"href":"https:\/\/sirk.de\/index.php?rest_route=\/wp\/v2\/pages\/2\/revisions\/2147"}],"wp:featuredmedia":[{"embeddable":true,"href":"https:\/\/sirk.de\/index.php?rest_route=\/wp\/v2\/media\/444"}],"wp:attachment":[{"href":"https:\/\/sirk.de\/index.php?rest_route=%2Fwp%2Fv2%2Fmedia&parent=2"}],"curies":[{"name":"wp","href":"https:\/\/api.w.org\/{rel}","templated":true}]}}